{"id":244,"date":"2025-03-25T21:52:11","date_gmt":"2025-03-25T20:52:11","guid":{"rendered":"https:\/\/imprimer.art.kattnig-peintures.fr\/?post_type=product&#038;p=244"},"modified":"2025-03-30T19:45:14","modified_gmt":"2025-03-30T17:45:14","slug":"collection-de-koalas","status":"publish","type":"product","link":"https:\/\/imprimer.art.kattnig-peintures.fr\/index.php\/produit\/collection-de-koalas\/","title":{"rendered":"Collection de Koalas"},"content":{"rendered":"<p>Fichier Num\u00e9rique en t\u00e9l\u00e9chargement<br \/>\nFichier JPG Dimensions 1200 * 1700 Pixels Taille 106 Ko.<br \/>\nFichier PNG Dimensions 1200 * 1700 Pixels Taille 151 Ko.<\/p>\n","protected":false},"excerpt":{"rendered":"<p>Collection de Koalas sous diff\u00e9rents personnages imprimables sur tous les supports.<br \/>\nEn t\u00e9l\u00e9chargant ces dessins num\u00e9riques vous contribuez \u00e0 la sauvegarde de cette esp\u00e8ce menac\u00e9e.<br \/>\nUne partie des sommes sera revers\u00e9e \u00e0 l&rsquo;association Koalas Austalie.<\/p>\n","protected":false},"featured_media":255,"comment_status":"open","ping_status":"closed","template":"","meta":{"_kad_post_transparent":"default","_kad_post_title":"","_kad_post_layout":"default","_kad_post_sidebar_id":"","_kad_post_content_style":"default","_kad_post_vertical_padding":"default","_kad_post_feature":"","_kad_post_feature_position":"","_kad_post_header":false,"_kad_post_footer":false},"product_brand":[],"product_cat":[35],"product_tag":[],"class_list":{"0":"post-244","1":"product","2":"type-product","3":"status-publish","4":"has-post-thumbnail","6":"product_cat-koala-australie-cartoon","8":"first","9":"instock","10":"taxable","11":"shipping-taxable","12":"product-type-grouped","13":"entry","14":"content-bg","15":"loop-entry"},"_links":{"self":[{"href":"https:\/\/imprimer.art.kattnig-peintures.fr\/index.php\/wp-json\/wp\/v2\/product\/244","targetHints":{"allow":["GET"]}}],"collection":[{"href":"https:\/\/imprimer.art.kattnig-peintures.fr\/index.php\/wp-json\/wp\/v2\/product"}],"about":[{"href":"https:\/\/imprimer.art.kattnig-peintures.fr\/index.php\/wp-json\/wp\/v2\/types\/product"}],"replies":[{"embeddable":true,"href":"https:\/\/imprimer.art.kattnig-peintures.fr\/index.php\/wp-json\/wp\/v2\/comments?post=244"}],"wp:featuredmedia":[{"embeddable":true,"href":"https:\/\/imprimer.art.kattnig-peintures.fr\/index.php\/wp-json\/wp\/v2\/media\/255"}],"wp:attachment":[{"href":"https:\/\/imprimer.art.kattnig-peintures.fr\/index.php\/wp-json\/wp\/v2\/media?parent=244"}],"wp:term":[{"taxonomy":"product_brand","embeddable":true,"href":"https:\/\/imprimer.art.kattnig-peintures.fr\/index.php\/wp-json\/wp\/v2\/product_brand?post=244"},{"taxonomy":"product_cat","embeddable":true,"href":"https:\/\/imprimer.art.kattnig-peintures.fr\/index.php\/wp-json\/wp\/v2\/product_cat?post=244"},{"taxonomy":"product_tag","embeddable":true,"href":"https:\/\/imprimer.art.kattnig-peintures.fr\/index.php\/wp-json\/wp\/v2\/product_tag?post=244"}],"curies":[{"name":"wp","href":"https:\/\/api.w.org\/{rel}","templated":true}]}}